{"id":195,"date":"2020-01-15T09:21:33","date_gmt":"2020-01-15T09:21:33","guid":{"rendered":"https:\/\/nadzorplovila.com\/?page_id=195"},"modified":"2023-11-25T14:25:18","modified_gmt":"2023-11-25T13:25:18","slug":"kontakt","status":"publish","type":"page","link":"https:\/\/www.nadzorplovila.com\/en\/kontakt\/","title":{"rendered":"Contact"},"content":{"rendered":"<p>[et_pb_section fb_built=&#8221;1&#8243; admin_label=&#8221;Header &#038; Contact Form&#8221; _builder_version=&#8221;4.22.0&#8243; _module_preset=&#8221;default&#8221; collapsed=&#8221;on&#8221; global_colors_info=&#8221;{}&#8221;][et_pb_row _builder_version=&#8221;4.22.0&#8243; _module_preset=&#8221;default&#8221; global_colors_info=&#8221;{}&#8221;][et_pb_column type=&#8221;4_4&#8243; _builder_version=&#8221;4.22.0&#8243; _module_preset=&#8221;default&#8221; global_colors_info=&#8221;{}&#8221;][et_pb_text _builder_version=&#8221;4.23.1&#8243; _module_preset=&#8221;3462dc2d-bb89-4370-b101-d4796f5fb886&#8243; hover_enabled=&#8221;0&#8243; global_colors_info=&#8221;{}&#8221; sticky_enabled=&#8221;0&#8243;]<\/p>\n<h1>Kontaktirajte nas<\/h1>\n<p>[\/et_pb_text][\/et_pb_column][\/et_pb_row][et_pb_row column_structure=&#8221;1_2,1_2&#8243; _builder_version=&#8221;4.22.0&#8243; _module_preset=&#8221;default&#8221; hover_enabled=&#8221;0&#8243; locked=&#8221;off&#8221; global_colors_info=&#8221;{}&#8221; sticky_enabled=&#8221;0&#8243;][et_pb_column type=&#8221;1_2&#8243; _builder_version=&#8221;4.22.0&#8243; _module_preset=&#8221;default&#8221; hover_enabled=&#8221;0&#8243; global_colors_info=&#8221;{}&#8221; sticky_enabled=&#8221;0&#8243;][et_pb_contact_form captcha=&#8221;off&#8221; _builder_version=&#8221;4.23.1&#8243; _module_preset=&#8221;default&#8221; _unique_id=&#8221;3b9ff40e-5f34-4f1e-8605-88cf2b55a7ef&#8221; form_field_background_color=&#8221;RGBA(255,255,255,0)&#8221; form_field_text_color=&#8221;#000000&#8243; form_field_custom_padding=&#8221;16px|24px|16px|24px|true|true&#8221; form_field_font=&#8221;Inter|700||on|||||&#8221; form_field_letter_spacing=&#8221;0.16em&#8221; custom_button=&#8221;on&#8221; button_text_size=&#8221;14px&#8221; button_text_color=&#8221;#000000&#8243; button_bg_color=&#8221;#FFFFFF&#8221; button_border_color=&#8221;#000000&#8243; button_border_radius=&#8221;2px&#8221; button_letter_spacing=&#8221;0.16em&#8221; button_font=&#8221;Inter|700||on|||||&#8221; button_custom_padding=&#8221;12px|24px|12px|24px|true|true&#8221; hover_enabled=&#8221;0&#8243; border_width_all=&#8221;2px&#8221; border_color_all=&#8221;#000000&#8243; box_shadow_style_button=&#8221;preset4&#8243; box_shadow_horizontal_button=&#8221;4px&#8221; box_shadow_vertical_button=&#8221;4px&#8221; box_shadow_color_button=&#8221;#000000&#8243; locked=&#8221;off&#8221; global_colors_info=&#8221;{}&#8221; submit_button_text=&#8221;Po\u0161alji&#8221; success_message=&#8221;Hvala! Javiti \u0107emo vam se.&#8221; sticky_enabled=&#8221;0&#8243;][et_pb_contact_field field_id=&#8221;Name&#8221; field_title=&#8221;Ime i prezime&#8221; fullwidth_field=&#8221;on&#8221; _builder_version=&#8221;4.23.1&#8243; _module_preset=&#8221;default&#8221; hover_enabled=&#8221;0&#8243; global_colors_info=&#8221;{}&#8221; button_text_size__hover_enabled=&#8221;off&#8221; button_one_text_size__hover_enabled=&#8221;off&#8221; button_two_text_size__hover_enabled=&#8221;off&#8221; button_text_color__hover_enabled=&#8221;off&#8221; button_one_text_color__hover_enabled=&#8221;off&#8221; button_two_text_color__hover_enabled=&#8221;off&#8221; button_border_width__hover_enabled=&#8221;off&#8221; button_one_border_width__hover_enabled=&#8221;off&#8221; button_two_border_width__hover_enabled=&#8221;off&#8221; button_border_color__hover_enabled=&#8221;off&#8221; button_one_border_color__hover_enabled=&#8221;off&#8221; button_two_border_color__hover_enabled=&#8221;off&#8221; button_border_radius__hover_enabled=&#8221;off&#8221; button_one_border_radius__hover_enabled=&#8221;off&#8221; button_two_border_radius__hover_enabled=&#8221;off&#8221; button_letter_spacing__hover_enabled=&#8221;off&#8221; button_one_letter_spacing__hover_enabled=&#8221;off&#8221; button_two_letter_spacing__hover_enabled=&#8221;off&#8221; button_bg_color__hover_enabled=&#8221;off&#8221; button_one_bg_color__hover_enabled=&#8221;off&#8221; button_two_bg_color__hover_enabled=&#8221;off&#8221; sticky_enabled=&#8221;0&#8243;][\/et_pb_contact_field][et_pb_contact_field field_id=&#8221;Email&#8221; field_title=&#8221;Email adresa&#8221; field_type=&#8221;email&#8221; fullwidth_field=&#8221;on&#8221; _builder_version=&#8221;4.23.1&#8243; _module_preset=&#8221;default&#8221; hover_enabled=&#8221;0&#8243; global_colors_info=&#8221;{}&#8221; button_text_size__hover_enabled=&#8221;off&#8221; button_one_text_size__hover_enabled=&#8221;off&#8221; button_two_text_size__hover_enabled=&#8221;off&#8221; button_text_color__hover_enabled=&#8221;off&#8221; button_one_text_color__hover_enabled=&#8221;off&#8221; button_two_text_color__hover_enabled=&#8221;off&#8221; button_border_width__hover_enabled=&#8221;off&#8221; button_one_border_width__hover_enabled=&#8221;off&#8221; button_two_border_width__hover_enabled=&#8221;off&#8221; button_border_color__hover_enabled=&#8221;off&#8221; button_one_border_color__hover_enabled=&#8221;off&#8221; button_two_border_color__hover_enabled=&#8221;off&#8221; button_border_radius__hover_enabled=&#8221;off&#8221; button_one_border_radius__hover_enabled=&#8221;off&#8221; button_two_border_radius__hover_enabled=&#8221;off&#8221; button_letter_spacing__hover_enabled=&#8221;off&#8221; button_one_letter_spacing__hover_enabled=&#8221;off&#8221; button_two_letter_spacing__hover_enabled=&#8221;off&#8221; button_bg_color__hover_enabled=&#8221;off&#8221; button_one_bg_color__hover_enabled=&#8221;off&#8221; button_two_bg_color__hover_enabled=&#8221;off&#8221; sticky_enabled=&#8221;0&#8243;][\/et_pb_contact_field][et_pb_contact_field field_id=&#8221;Message&#8221; field_title=&#8221;Poruka&#8221; field_type=&#8221;text&#8221; fullwidth_field=&#8221;on&#8221; _builder_version=&#8221;4.23.1&#8243; _module_preset=&#8221;default&#8221; global_colors_info=&#8221;{}&#8221; button_text_size__hover_enabled=&#8221;off&#8221; button_one_text_size__hover_enabled=&#8221;off&#8221; button_two_text_size__hover_enabled=&#8221;off&#8221; button_text_color__hover_enabled=&#8221;off&#8221; button_one_text_color__hover_enabled=&#8221;off&#8221; button_two_text_color__hover_enabled=&#8221;off&#8221; button_border_width__hover_enabled=&#8221;off&#8221; button_one_border_width__hover_enabled=&#8221;off&#8221; button_two_border_width__hover_enabled=&#8221;off&#8221; button_border_color__hover_enabled=&#8221;off&#8221; button_one_border_color__hover_enabled=&#8221;off&#8221; button_two_border_color__hover_enabled=&#8221;off&#8221; button_border_radius__hover_enabled=&#8221;off&#8221; button_one_border_radius__hover_enabled=&#8221;off&#8221; button_two_border_radius__hover_enabled=&#8221;off&#8221; button_letter_spacing__hover_enabled=&#8221;off&#8221; button_one_letter_spacing__hover_enabled=&#8221;off&#8221; button_two_letter_spacing__hover_enabled=&#8221;off&#8221; button_bg_color__hover_enabled=&#8221;off&#8221; button_one_bg_color__hover_enabled=&#8221;off&#8221; button_two_bg_color__hover_enabled=&#8221;off&#8221;][\/et_pb_contact_field][\/et_pb_contact_form][\/et_pb_column][et_pb_column type=&#8221;1_2&#8243; _builder_version=&#8221;4.22.0&#8243; _module_preset=&#8221;default&#8221; global_colors_info=&#8221;{}&#8221;][et_pb_text _builder_version=&#8221;4.23.1&#8243; _module_preset=&#8221;e8c84c68-fae2-46ae-be88-b02013bdaa04&#8243; custom_margin=&#8221;||0px||false|false&#8221; hover_enabled=&#8221;0&#8243; global_colors_info=&#8221;{}&#8221; sticky_enabled=&#8221;0&#8243;]<\/p>\n<h5>Dogovorite konzultacije<\/h5>\n<p>[\/et_pb_text][et_pb_text _builder_version=&#8221;4.22.0&#8243; _module_preset=&#8221;1b50dbdb-004b-42dd-8510-303502deab76&#8243; global_colors_info=&#8221;{}&#8221;]<\/p>\n<p>\u017delite vi\u0161e informacija o na\u0161im uslugama i mogu\u0107nosti suradnje? Javite nam se s pitanjima.<\/p>\n<p>[\/et_pb_text][et_pb_text _builder_version=&#8221;4.23.1&#8243; _module_preset=&#8221;e8c84c68-fae2-46ae-be88-b02013bdaa04&#8243; custom_margin=&#8221;||0px||false|false&#8221; hover_enabled=&#8221;0&#8243; global_colors_info=&#8221;{}&#8221; sticky_enabled=&#8221;0&#8243;]<\/p>\n<h5>Potencijalni poslovni parneri?<\/h5>\n<p>[\/et_pb_text][et_pb_text _builder_version=&#8221;4.23.1&#8243; _module_preset=&#8221;1b50dbdb-004b-42dd-8510-303502deab76&#8243; hover_enabled=&#8221;0&#8243; global_colors_info=&#8221;{}&#8221; sticky_enabled=&#8221;0&#8243;]<\/p>\n<p>Upravljate marinom? Bavite se servisom brodova i \u017eelite pru\u017eiti usluge svojim klijentima? Javite se za mogu\u0107u suradnju i postanite na\u0161 poslovni partner, a ne kupac.<\/p>\n<p>[\/et_pb_text][et_pb_text _builder_version=&#8221;4.23.1&#8243; _module_preset=&#8221;e8c84c68-fae2-46ae-be88-b02013bdaa04&#8243; custom_margin=&#8221;||0px||false|false&#8221; hover_enabled=&#8221;0&#8243; global_colors_info=&#8221;{}&#8221; sticky_enabled=&#8221;0&#8243;]<\/p>\n<h5>Imate potrebu za nadzor druge imovine?<\/h5>\n<p>[\/et_pb_text][et_pb_text _builder_version=&#8221;4.23.1&#8243; _module_preset=&#8221;1b50dbdb-004b-42dd-8510-303502deab76&#8243; hover_enabled=&#8221;0&#8243; global_colors_info=&#8221;{}&#8221; sticky_enabled=&#8221;0&#8243;]<\/p>\n<p>Osim GPS satelitskog nadzora plovila, mo\u017eemo vam pru\u017eiti i usluge nadzora vozila i flote vozila, ljudi i imovine. Kontaktirajte nas za vi\u0161e informacija.<\/p>\n<p>[\/et_pb_text][\/et_pb_column][\/et_pb_row][\/et_pb_section]<\/p>\n","protected":false},"excerpt":{"rendered":"<p>Kontaktirajte nasDogovorite konzultacije\u017delite vi\u0161e informacija o na\u0161im uslugama i mogu\u0107nosti suradnje? Javite nam se s pitanjima.Potencijalni poslovni parneri?Upravljate marinom? Bavite se servisom brodova i \u017eelite pru\u017eiti usluge svojim klijentima? Javite se za mogu\u0107u suradnju i postanite na\u0161 poslovni partner, a ne kupac.Imate potrebu za nadzor druge imovine?Osim GPS satelitskog nadzora plovila, mo\u017eemo vam pru\u017eiti i [&hellip;]<\/p>\n","protected":false},"author":1,"featured_media":0,"parent":0,"menu_order":0,"comment_status":"closed","ping_status":"closed","template":"","meta":{"_et_pb_use_builder":"on","_et_pb_old_content":"","_et_gb_content_width":"","footnotes":""},"class_list":["post-195","page","type-page","status-publish","hentry"],"yoast_head":"<!-- This site is optimized with the Yoast SEO plugin v27.5 - https:\/\/yoast.com\/product\/yoast-seo-wordpress\/ -->\n<title>Kontakt &#8212; BeeDigital - GPS nadzor i pra\u0107enje plovila \/ brodova<\/title>\n<meta name=\"description\" content=\"BeeDigital sustavi za GPS % % nadzor plovila - Kontakt. Tu smo za sva va\u0161a pitanja. Nazovite nas bez obveze kupnje svaki radni dan i subotom ili ispunite obrazac.\" \/>\n<meta name=\"robots\" content=\"index, follow, max-snippet:-1, max-image-preview:large, max-video-preview:-1\" \/>\n<link rel=\"canonical\" href=\"https:\/\/www.nadzorplovila.com\/en\/kontakt\/\" \/>\n<meta property=\"og:locale\" content=\"en_GB\" \/>\n<meta property=\"og:type\" content=\"article\" \/>\n<meta property=\"og:title\" content=\"Kontakt &#8212; BeeDigital - GPS nadzor i pra\u0107enje plovila \/ brodova\" \/>\n<meta property=\"og:description\" content=\"BeeDigital sustavi za GPS % % nadzor plovila - Kontakt. Tu smo za sva va\u0161a pitanja. Nazovite nas bez obveze kupnje svaki radni dan i subotom ili ispunite obrazac.\" \/>\n<meta property=\"og:url\" content=\"https:\/\/www.nadzorplovila.com\/en\/kontakt\/\" \/>\n<meta property=\"og:site_name\" content=\"BeeDigital - GPS nadzor i pra\u0107enje plovila \/ brodova\" \/>\n<meta property=\"article:publisher\" content=\"https:\/\/www.facebook.com\/BeeDigitalGPS\" \/>\n<meta property=\"article:modified_time\" content=\"2023-11-25T13:25:18+00:00\" \/>\n<meta name=\"twitter:card\" content=\"summary_large_image\" \/>\n<meta name=\"twitter:label1\" content=\"Estimated reading time\" \/>\n\t<meta name=\"twitter:data1\" content=\"5 minutes\" \/>\n<script type=\"application\/ld+json\" class=\"yoast-schema-graph\">{\"@context\":\"https:\\\/\\\/schema.org\",\"@graph\":[{\"@type\":\"WebPage\",\"@id\":\"https:\\\/\\\/www.nadzorplovila.com\\\/kontakt\\\/\",\"url\":\"https:\\\/\\\/www.nadzorplovila.com\\\/kontakt\\\/\",\"name\":\"Kontakt &#8212; BeeDigital - GPS nadzor i pra\u0107enje plovila \\\/ brodova\",\"isPartOf\":{\"@id\":\"https:\\\/\\\/www.nadzorplovila.com\\\/#website\"},\"datePublished\":\"2020-01-15T09:21:33+00:00\",\"dateModified\":\"2023-11-25T13:25:18+00:00\",\"description\":\"BeeDigital sustavi za GPS % % nadzor plovila - Kontakt. Tu smo za sva va\u0161a pitanja. Nazovite nas bez obveze kupnje svaki radni dan i subotom ili ispunite obrazac.\",\"breadcrumb\":{\"@id\":\"https:\\\/\\\/www.nadzorplovila.com\\\/kontakt\\\/#breadcrumb\"},\"inLanguage\":\"en-GB\",\"potentialAction\":[{\"@type\":\"ReadAction\",\"target\":[\"https:\\\/\\\/www.nadzorplovila.com\\\/kontakt\\\/\"]}]},{\"@type\":\"BreadcrumbList\",\"@id\":\"https:\\\/\\\/www.nadzorplovila.com\\\/kontakt\\\/#breadcrumb\",\"itemListElement\":[{\"@type\":\"ListItem\",\"position\":1,\"name\":\"Po\u010detna stranica\",\"item\":\"https:\\\/\\\/www.nadzorplovila.com\\\/\"},{\"@type\":\"ListItem\",\"position\":2,\"name\":\"Kontakt\"}]},{\"@type\":\"WebSite\",\"@id\":\"https:\\\/\\\/www.nadzorplovila.com\\\/#website\",\"url\":\"https:\\\/\\\/www.nadzorplovila.com\\\/\",\"name\":\"BeeDigital GPS Nadzor i pra\u0107enje plovila\",\"description\":\"Sustavi za GPS nadzor i pra\u0107enje plovila \\\/ brodova\",\"publisher\":{\"@id\":\"https:\\\/\\\/www.nadzorplovila.com\\\/#organization\"},\"potentialAction\":[{\"@type\":\"SearchAction\",\"target\":{\"@type\":\"EntryPoint\",\"urlTemplate\":\"https:\\\/\\\/www.nadzorplovila.com\\\/?s={search_term_string}\"},\"query-input\":{\"@type\":\"PropertyValueSpecification\",\"valueRequired\":true,\"valueName\":\"search_term_string\"}}],\"inLanguage\":\"en-GB\"},{\"@type\":\"Organization\",\"@id\":\"https:\\\/\\\/www.nadzorplovila.com\\\/#organization\",\"name\":\"BeeDigital GPS - Nadzor Plovila\",\"alternateName\":\"Beedigital\",\"url\":\"https:\\\/\\\/www.nadzorplovila.com\\\/\",\"logo\":{\"@type\":\"ImageObject\",\"inLanguage\":\"en-GB\",\"@id\":\"https:\\\/\\\/www.nadzorplovila.com\\\/#\\\/schema\\\/logo\\\/image\\\/\",\"url\":\"https:\\\/\\\/www.nadzorplovila.com\\\/wp-content\\\/uploads\\\/2020\\\/01\\\/logo-bee-digital.png\",\"contentUrl\":\"https:\\\/\\\/www.nadzorplovila.com\\\/wp-content\\\/uploads\\\/2020\\\/01\\\/logo-bee-digital.png\",\"width\":712,\"height\":638,\"caption\":\"BeeDigital GPS - Nadzor Plovila\"},\"image\":{\"@id\":\"https:\\\/\\\/www.nadzorplovila.com\\\/#\\\/schema\\\/logo\\\/image\\\/\"},\"sameAs\":[\"https:\\\/\\\/www.facebook.com\\\/BeeDigitalGPS\"]}]}<\/script>\n<!-- \/ Yoast SEO plugin. -->","yoast_head_json":{"title":"Kontakt &#8212; BeeDigital - GPS nadzor i pra\u0107enje plovila \/ brodova","description":"BeeDigital sustavi za GPS % % nadzor plovila - Kontakt. Tu smo za sva va\u0161a pitanja. Nazovite nas bez obveze kupnje svaki radni dan i subotom ili ispunite obrazac.","robots":{"index":"index","follow":"follow","max-snippet":"max-snippet:-1","max-image-preview":"max-image-preview:large","max-video-preview":"max-video-preview:-1"},"canonical":"https:\/\/www.nadzorplovila.com\/en\/kontakt\/","og_locale":"en_GB","og_type":"article","og_title":"Kontakt &#8212; BeeDigital - GPS nadzor i pra\u0107enje plovila \/ brodova","og_description":"BeeDigital sustavi za GPS % % nadzor plovila - Kontakt. Tu smo za sva va\u0161a pitanja. Nazovite nas bez obveze kupnje svaki radni dan i subotom ili ispunite obrazac.","og_url":"https:\/\/www.nadzorplovila.com\/en\/kontakt\/","og_site_name":"BeeDigital - GPS nadzor i pra\u0107enje plovila \/ brodova","article_publisher":"https:\/\/www.facebook.com\/BeeDigitalGPS","article_modified_time":"2023-11-25T13:25:18+00:00","twitter_card":"summary_large_image","twitter_misc":{"Estimated reading time":"5 minutes"},"schema":{"@context":"https:\/\/schema.org","@graph":[{"@type":"WebPage","@id":"https:\/\/www.nadzorplovila.com\/kontakt\/","url":"https:\/\/www.nadzorplovila.com\/kontakt\/","name":"Kontakt &#8212; BeeDigital - GPS nadzor i pra\u0107enje plovila \/ brodova","isPartOf":{"@id":"https:\/\/www.nadzorplovila.com\/#website"},"datePublished":"2020-01-15T09:21:33+00:00","dateModified":"2023-11-25T13:25:18+00:00","description":"BeeDigital sustavi za GPS % % nadzor plovila - Kontakt. Tu smo za sva va\u0161a pitanja. Nazovite nas bez obveze kupnje svaki radni dan i subotom ili ispunite obrazac.","breadcrumb":{"@id":"https:\/\/www.nadzorplovila.com\/kontakt\/#breadcrumb"},"inLanguage":"en-GB","potentialAction":[{"@type":"ReadAction","target":["https:\/\/www.nadzorplovila.com\/kontakt\/"]}]},{"@type":"BreadcrumbList","@id":"https:\/\/www.nadzorplovila.com\/kontakt\/#breadcrumb","itemListElement":[{"@type":"ListItem","position":1,"name":"Po\u010detna stranica","item":"https:\/\/www.nadzorplovila.com\/"},{"@type":"ListItem","position":2,"name":"Kontakt"}]},{"@type":"WebSite","@id":"https:\/\/www.nadzorplovila.com\/#website","url":"https:\/\/www.nadzorplovila.com\/","name":"BeeDigital GPS Nadzor i pra\u0107enje plovila","description":"Sustavi za GPS nadzor i pra\u0107enje plovila \/ brodova","publisher":{"@id":"https:\/\/www.nadzorplovila.com\/#organization"},"potentialAction":[{"@type":"SearchAction","target":{"@type":"EntryPoint","urlTemplate":"https:\/\/www.nadzorplovila.com\/?s={search_term_string}"},"query-input":{"@type":"PropertyValueSpecification","valueRequired":true,"valueName":"search_term_string"}}],"inLanguage":"en-GB"},{"@type":"Organization","@id":"https:\/\/www.nadzorplovila.com\/#organization","name":"BeeDigital GPS - Nadzor Plovila","alternateName":"Beedigital","url":"https:\/\/www.nadzorplovila.com\/","logo":{"@type":"ImageObject","inLanguage":"en-GB","@id":"https:\/\/www.nadzorplovila.com\/#\/schema\/logo\/image\/","url":"https:\/\/www.nadzorplovila.com\/wp-content\/uploads\/2020\/01\/logo-bee-digital.png","contentUrl":"https:\/\/www.nadzorplovila.com\/wp-content\/uploads\/2020\/01\/logo-bee-digital.png","width":712,"height":638,"caption":"BeeDigital GPS - Nadzor Plovila"},"image":{"@id":"https:\/\/www.nadzorplovila.com\/#\/schema\/logo\/image\/"},"sameAs":["https:\/\/www.facebook.com\/BeeDigitalGPS"]}]}},"_links":{"self":[{"href":"https:\/\/www.nadzorplovila.com\/en\/wp-json\/wp\/v2\/pages\/195","targetHints":{"allow":["GET"]}}],"collection":[{"href":"https:\/\/www.nadzorplovila.com\/en\/wp-json\/wp\/v2\/pages"}],"about":[{"href":"https:\/\/www.nadzorplovila.com\/en\/wp-json\/wp\/v2\/types\/page"}],"author":[{"embeddable":true,"href":"https:\/\/www.nadzorplovila.com\/en\/wp-json\/wp\/v2\/users\/1"}],"replies":[{"embeddable":true,"href":"https:\/\/www.nadzorplovila.com\/en\/wp-json\/wp\/v2\/comments?post=195"}],"version-history":[{"count":0,"href":"https:\/\/www.nadzorplovila.com\/en\/wp-json\/wp\/v2\/pages\/195\/revisions"}],"wp:attachment":[{"href":"https:\/\/www.nadzorplovila.com\/en\/wp-json\/wp\/v2\/media?parent=195"}],"curies":[{"name":"wp","href":"https:\/\/api.w.org\/{rel}","templated":true}]}}